{"id":6470,"date":"2018-12-13T10:16:46","date_gmt":"2018-12-13T10:16:46","guid":{"rendered":"http:\/\/wpbingosite.com\/wordpress\/ogania\/?page_id=6470"},"modified":"2026-03-23T21:15:57","modified_gmt":"2026-03-23T20:15:57","slug":"home-1","status":"publish","type":"page","link":"https:\/\/comptoirlanormande.fr\/","title":{"rendered":"Home 1"},"content":{"rendered":"<p>[vc_row][vc_column][vc_column_text]<a href=\"http:\/\/comptoirlanormande.fr\/wp-content\/uploads\/2025\/11\/BDC-CLN.pdf\">BDC CLN<\/a>[\/vc_column_text][\/vc_column][\/vc_row][vc_row content_placement=\u00a0\u00bbmiddle\u00a0\u00bb css=\u00a0\u00bb.vc_custom_1718717822293{margin-bottom: 100px !important;}\u00a0\u00bb][vc_column][rev_slider_vc alias=\u00a0\u00bbslider1&Prime;][vc_empty_space height=\u00a0\u00bb40px\u00a0\u00bb][vc_row_inner][vc_column_inner][\/vc_column_inner][\/vc_row_inner][vc_empty_space height=\u00a0\u00bb40px\u00a0\u00bb][vc_single_image image=\u00a0\u00bb8412&Prime; img_size=\u00a0\u00bbfull\u00a0\u00bb alignment=\u00a0\u00bbcenter\u00a0\u00bb onclick=\u00a0\u00bbcustom_link\u00a0\u00bb img_link_target=\u00a0\u00bb_blank\u00a0\u00bb link=\u00a0\u00bbhttps:\/\/www.atelierdeschefs.fr\/recettes\/29826\/echine-de-porc-au-cidre-et-frites-de-patates-douces\/\u00a0\u00bb][vc_empty_space height=\u00a0\u00bb40px\u00a0\u00bb][vc_single_image image=\u00a0\u00bb8419&Prime; img_size=\u00a0\u00bbfull\u00a0\u00bb alignment=\u00a0\u00bbcenter\u00a0\u00bb onclick=\u00a0\u00bbcustom_link\u00a0\u00bb img_link_target=\u00a0\u00bb_blank\u00a0\u00bb link=\u00a0\u00bbhttp:\/\/comptoirlanormande.fr\/wp-content\/uploads\/2026\/03\/CLN.pdf\u00a0\u00bb][\/vc_column][\/vc_row][vc_row][vc_column][vc_row_inner][vc_column_inner][vc_column_text]<\/p>\n<p style=\"text-align: center;\"><b>Du mardi au vendredi de 09h00-12h30 et de 14h30-18h00.<\/b><br \/>\n<strong>Le samedi de 09h00-13h00.<\/strong><\/p>\n<p>[\/vc_column_text][\/vc_column_inner][\/vc_row_inner][vc_row_inner][vc_column_inner][vc_column_text]<\/p>\n<h2 style=\"text-align: center;\"><strong>Commander <\/strong>par mail \u00e0 <a href=\"mailto:boutique.comptoirlanormande@gmail.com\">boutique.comptoirlanormande@gmail.com<\/a><\/h2>\n<h2 style=\"text-align: center;\">ou par t\u00e9l\u00e9phone au 06 29 60 13 15<\/h2>\n<h2><img loading=\"lazy\" decoding=\"async\" class=\"alignnone wp-image-8051 aligncenter\" src=\"http:\/\/comptoirlanormande.fr\/wp-content\/uploads\/2020\/10\/picto-commandez2.png\" alt=\"\" width=\"154\" height=\"154\" \/><\/h2>\n<p>[\/vc_column_text][\/vc_column_inner][\/vc_row_inner][\/vc_column][\/vc_row]<\/p>\n","protected":false},"excerpt":{"rendered":"<p>[vc_row][vc_column][vc_column_text]BDC CLN[\/vc_column_text][\/vc_column][\/vc_row][vc_row content_placement=\u00a0\u00bbmiddle\u00a0\u00bb css=\u00a0\u00bb.vc_custom_1718717822293{margin-bottom: 100px !important;}\u00a0\u00bb][vc_column][rev_slider_vc alias=\u00a0\u00bbslider1&Prime;][vc_empty_space height=\u00a0\u00bb40px\u00a0\u00bb][vc_row_inner][vc_column_inner][\/vc_column_inner][\/vc_row_inner][vc_empty_space height=\u00a0\u00bb40px\u00a0\u00bb][vc_single_image image=\u00a0\u00bb8412&Prime; img_size=\u00a0\u00bbfull\u00a0\u00bb alignment=\u00a0\u00bbcenter\u00a0\u00bb onclick=\u00a0\u00bbcustom_link\u00a0\u00bb img_link_target=\u00a0\u00bb_blank\u00a0\u00bb link=\u00a0\u00bbhttps:\/\/www.atelierdeschefs.fr\/recettes\/29826\/echine-de-porc-au-cidre-et-frites-de-patates-douces\/\u00a0\u00bb][vc_empty_space height=\u00a0\u00bb40px\u00a0\u00bb][vc_single_image image=\u00a0\u00bb8419&Prime; img_size=\u00a0\u00bbfull\u00a0\u00bb alignment=\u00a0\u00bbcenter\u00a0\u00bb onclick=\u00a0\u00bbcustom_link\u00a0\u00bb img_link_target=\u00a0\u00bb_blank\u00a0\u00bb link=\u00a0\u00bbhttp:\/\/comptoirlanormande.fr\/wp-content\/uploads\/2026\/03\/CLN.pdf\u00a0\u00bb][\/vc_column][\/vc_row][vc_row][vc_column][vc_row_inner][vc_column_inner][vc_column_text] Du mardi au vendredi de 09h00-12h30 et de 14h30-18h00. Le samedi de 09h00-13h00. [\/vc_column_text][\/vc_column_inner][\/vc_row_inner][vc_row_inner][vc_column_inner][vc_column_text] Commander par mail \u00e0 boutique.comptoirlanormande@gmail.com ou par t\u00e9l\u00e9phone au 06 29 60 13 15 [\/vc_column_text][\/vc_column_inner][\/vc_row_inner][\/vc_column][\/vc_row]<\/p>\n","protected":false},"author":1,"featured_media":0,"parent":0,"menu_order":0,"comment_status":"closed","ping_status":"closed","template":"page-templates\/homepage.php","meta":{"footnotes":""},"class_list":["post-6470","page","type-page","status-publish","hentry"],"jetpack_sharing_enabled":true,"_links":{"self":[{"href":"https:\/\/comptoirlanormande.fr\/index.php\/wp-json\/wp\/v2\/pages\/6470","targetHints":{"allow":["GET"]}}],"collection":[{"href":"https:\/\/comptoirlanormande.fr\/index.php\/wp-json\/wp\/v2\/pages"}],"about":[{"href":"https:\/\/comptoirlanormande.fr\/index.php\/wp-json\/wp\/v2\/types\/page"}],"author":[{"embeddable":true,"href":"https:\/\/comptoirlanormande.fr\/index.php\/wp-json\/wp\/v2\/users\/1"}],"replies":[{"embeddable":true,"href":"https:\/\/comptoirlanormande.fr\/index.php\/wp-json\/wp\/v2\/comments?post=6470"}],"version-history":[{"count":174,"href":"https:\/\/comptoirlanormande.fr\/index.php\/wp-json\/wp\/v2\/pages\/6470\/revisions"}],"predecessor-version":[{"id":8421,"href":"https:\/\/comptoirlanormande.fr\/index.php\/wp-json\/wp\/v2\/pages\/6470\/revisions\/8421"}],"wp:attachment":[{"href":"https:\/\/comptoirlanormande.fr\/index.php\/wp-json\/wp\/v2\/media?parent=6470"}],"curies":[{"name":"wp","href":"https:\/\/api.w.org\/{rel}","templated":true}]}}