{"id":583,"date":"2016-07-25T13:52:10","date_gmt":"2016-07-25T13:52:10","guid":{"rendered":"http:\/\/localhost\/bingo\/simolux\/?page_id=583"},"modified":"2024-06-05T22:22:52","modified_gmt":"2024-06-05T20:22:52","slug":"about","status":"publish","type":"page","link":"https:\/\/comptoirlanormande.fr\/index.php\/about\/","title":{"rendered":"About"},"content":{"rendered":"<p>[vc_row][vc_column][vc_single_image image=\u00a0\u00bb7781&Prime; img_size=\u00a0\u00bbfull\u00a0\u00bb][\/vc_column][\/vc_row][vc_row][vc_column][vc_empty_space height=\u00a0\u00bb15px\u00a0\u00bb][\/vc_column][\/vc_row][vc_row][vc_column][vc_single_image image=\u00a0\u00bb7681&Prime; alignment=\u00a0\u00bbcenter\u00a0\u00bb][\/vc_column][\/vc_row][vc_row][vc_column width=\u00a0\u00bb1\/6&Prime;][vc_column_text][\/vc_column_text][vc_empty_space height=\u00a0\u00bb50px\u00a0\u00bb][\/vc_column][vc_column width=\u00a0\u00bb2\/3&Prime;][vc_row_inner][vc_column_inner][vc_empty_space height=\u00a0\u00bb5px\u00a0\u00bb][\/vc_column_inner][\/vc_row_inner][vc_column_text]<\/p>\n<h3 style=\"text-align: center;\"><strong>Vous \u00eates \u00e0 la recherche de viande de qualit\u00e9 \u00e0 son juste prix ?<\/strong><\/h3>\n<h4 style=\"text-align: center;\">Nous vous proposons nos produits issus d\u2019animaux de race, d\u00e9coup\u00e9s exclusivement \u00e0 partir des pi\u00e8ces les plus savoureuses et tendres.<\/h4>\n<p>[\/vc_column_text][\/vc_column][vc_column width=\u00a0\u00bb1\/6&Prime;][\/vc_column][\/vc_row][vc_row][vc_column width=\u00a0\u00bb1\/6&Prime;][vc_column_text][\/vc_column_text][vc_empty_space height=\u00a0\u00bb50px\u00a0\u00bb][\/vc_column][vc_column width=\u00a0\u00bb2\/3&Prime;][vc_row_inner][vc_column_inner][vc_empty_space height=\u00a0\u00bb30px\u00a0\u00bb][\/vc_column_inner][\/vc_row_inner][vc_column_text]<\/p>\n<p align=\"justify\">Cr\u00e9\u00e9e en 1996 sous le nom de GB VIANDES, puis rebaptis\u00e9e COMPTOIR LA NORMANDE Sarl, notre soci\u00e9t\u00e9 a r\u00e9ussi, au fil des ann\u00e9es, \u00e0 construire un v\u00e9ritable et solide partenariat avec l\u2019ensemble de ses fournisseurs.<\/p>\n<p align=\"justify\">L\u2019objectif de COMPTOIR LA NORMANDE est de privil\u00e9gier la fili\u00e8re viande situ\u00e9e en amont afin d\u2019adapter et de s\u00e9lectionner une grande vari\u00e9t\u00e9 de produits, r\u00e9pondant ainsi aux exigences de sa client\u00e8le.<\/p>\n<p align=\"justify\">Gr\u00e2ce \u00e0 la fid\u00e9lit\u00e9 de ses approvisionnements, COMPTOIR LA NORMANDE est capable de fournir tout au long de l\u2019ann\u00e9e des marchandises r\u00e9guli\u00e8res et de qualit\u00e9, en provenance de la France mais aussi de divers pays d\u2019Europe.<\/p>\n<p align=\"justify\">Notre soci\u00e9t\u00e9 est sp\u00e9cialis\u00e9e dans toutes les d\u00e9coupes de b\u0153uf, de veau, d\u2019agneau et de porc mais elle est \u00e9galement un distributeur de viande de race Simmental (Bavi\u00e8re) et Angus (Ecosse).<\/p>\n<p align=\"justify\">COMPTOIR LA NORMANDE dispose, pour ce faire, d\u2019une logistique tr\u00e8s performante puisqu\u2019elle s\u2019entoure de transporteurs fid\u00e8les et r\u00e9guliers, devenus au fil des ann\u00e9es de v\u00e9ritables partenaires.<\/p>\n<p align=\"justify\">Notre unit\u00e9 de stockage \u00e9tant situ\u00e9e sur le M.I.N. \u00e0 RUNGIS, cela nous donne la possibilit\u00e9 d\u2019\u00eatre flexible et d\u2019enregistrer des commandes jusqu\u2019\u00e0 12.00 heures pour les distribuer d\u00e8s le lendemain dans toute la France (en A pour B).<\/p>\n<p align=\"justify\">Au fil des trois derni\u00e8res ann\u00e9es, COMPTOIR LA NORMANDE a fortement augment\u00e9 son potentiel en s\u2019entourant de personnes dynamiques et volontaires et en s\u2019installant dans de nouveaux locaux au c\u0153ur de la campagne normande.<\/p>\n<p align=\"justify\">Ainsi, toujours tr\u00e8s sensible \u00e0 la qualit\u00e9 de ses services, COMPTOIR LA NORMANDE n\u2019a qu\u2019un seul et unique but : satisfaire tout au long de l\u2019ann\u00e9e la moindre exigence de sa client\u00e8le.<\/p>\n<p>[\/vc_column_text][vc_empty_space height=\u00a0\u00bb90px\u00a0\u00bb][\/vc_column][vc_column width=\u00a0\u00bb1\/6&Prime;][\/vc_column][\/vc_row][vc_row][vc_column width=\u00a0\u00bb1\/6&Prime;][\/vc_column][vc_column width=\u00a0\u00bb1\/6&Prime;][vc_single_image image=\u00a0\u00bb7738&Prime; img_size=\u00a0\u00bb300&#215;197&Prime; alignment=\u00a0\u00bbcenter\u00a0\u00bb][\/vc_column][vc_column width=\u00a0\u00bb1\/6&Prime;][vc_single_image image=\u00a0\u00bb7737&Prime; img_size=\u00a0\u00bb300&#215;197&Prime; alignment=\u00a0\u00bbcenter\u00a0\u00bb][\/vc_column][vc_column width=\u00a0\u00bb1\/6&Prime;][vc_single_image image=\u00a0\u00bb7740&Prime; img_size=\u00a0\u00bb300&#215;197&Prime; alignment=\u00a0\u00bbcenter\u00a0\u00bb][\/vc_column][vc_column width=\u00a0\u00bb1\/6&Prime;][vc_single_image image=\u00a0\u00bb7736&Prime; img_size=\u00a0\u00bb300&#215;197&Prime; alignment=\u00a0\u00bbcenter\u00a0\u00bb][\/vc_column][vc_column width=\u00a0\u00bb1\/6&Prime;][\/vc_column][\/vc_row]<\/p>\n","protected":false},"excerpt":{"rendered":"<p>[vc_row][vc_column][vc_single_image image=\u00a0\u00bb7781&Prime; img_size=\u00a0\u00bbfull\u00a0\u00bb][\/vc_column][\/vc_row][vc_row][vc_column][vc_empty_space height=\u00a0\u00bb15px\u00a0\u00bb][\/vc_column][\/vc_row][vc_row][vc_column][vc_single_image image=\u00a0\u00bb7681&Prime; alignment=\u00a0\u00bbcenter\u00a0\u00bb][\/vc_column][\/vc_row][vc_row][vc_column width=\u00a0\u00bb1\/6&Prime;][vc_column_text][\/vc_column_text][vc_empty_space height=\u00a0\u00bb50px\u00a0\u00bb][\/vc_column][vc_column width=\u00a0\u00bb2\/3&Prime;][vc_row_inner][vc_column_inner][vc_empty_space height=\u00a0\u00bb5px\u00a0\u00bb][\/vc_column_inner][\/vc_row_inner][vc_column_text] Vous \u00eates \u00e0 la recherche de viande de qualit\u00e9 \u00e0 son juste prix ? Nous vous proposons nos produits issus d\u2019animaux de race, d\u00e9coup\u00e9s exclusivement \u00e0 partir des pi\u00e8ces les plus savoureuses et tendres. [\/vc_column_text][\/vc_column][vc_column width=\u00a0\u00bb1\/6&Prime;][\/vc_column][\/vc_row][vc_row][vc_column width=\u00a0\u00bb1\/6&Prime;][vc_column_text][\/vc_column_text][vc_empty_space height=\u00a0\u00bb50px\u00a0\u00bb][\/vc_column][vc_column width=\u00a0\u00bb2\/3&Prime;][vc_row_inner][vc_column_inner][vc_empty_space height=\u00a0\u00bb30px\u00a0\u00bb][\/vc_column_inner][\/vc_row_inner][vc_column_text] Cr\u00e9\u00e9e en 1996 sous le [&hellip;]<\/p>\n","protected":false},"author":1,"featured_media":0,"parent":0,"menu_order":0,"comment_status":"closed","ping_status":"closed","template":"","meta":{"footnotes":""},"class_list":["post-583","page","type-page","status-publish","hentry"],"jetpack_sharing_enabled":true,"_links":{"self":[{"href":"https:\/\/comptoirlanormande.fr\/index.php\/wp-json\/wp\/v2\/pages\/583","targetHints":{"allow":["GET"]}}],"collection":[{"href":"https:\/\/comptoirlanormande.fr\/index.php\/wp-json\/wp\/v2\/pages"}],"about":[{"href":"https:\/\/comptoirlanormande.fr\/index.php\/wp-json\/wp\/v2\/types\/page"}],"author":[{"embeddable":true,"href":"https:\/\/comptoirlanormande.fr\/index.php\/wp-json\/wp\/v2\/users\/1"}],"replies":[{"embeddable":true,"href":"https:\/\/comptoirlanormande.fr\/index.php\/wp-json\/wp\/v2\/comments?post=583"}],"version-history":[{"count":53,"href":"https:\/\/comptoirlanormande.fr\/index.php\/wp-json\/wp\/v2\/pages\/583\/revisions"}],"predecessor-version":[{"id":8202,"href":"https:\/\/comptoirlanormande.fr\/index.php\/wp-json\/wp\/v2\/pages\/583\/revisions\/8202"}],"wp:attachment":[{"href":"https:\/\/comptoirlanormande.fr\/index.php\/wp-json\/wp\/v2\/media?parent=583"}],"curies":[{"name":"wp","href":"https:\/\/api.w.org\/{rel}","templated":true}]}}